{"id":72,"date":"2025-02-24T22:45:43","date_gmt":"2025-02-25T01:45:43","guid":{"rendered":"http:\/\/cepefreititoal.org.br\/?page_id=72"},"modified":"2026-01-20T20:32:09","modified_gmt":"2026-01-20T23:32:09","slug":"prestacao-de-contas-colonia-veneza-2025","status":"publish","type":"page","link":"http:\/\/cepefreititoal.org.br\/index.php\/prestacao-de-contas-colonia-veneza-2025\/","title":{"rendered":"Presta\u00e7\u00e3o de Contas Col\u00f4nia Veneza \u2013 2025"},"content":{"rendered":"\n<h4 class=\"wp-block-heading\" id=\"block-3bdbd037-b678-4780-aa39-ed613265880c\">CENTRO ECUM\u00caNICO DE PUBLICA\u00c7\u00d5ES E ESTUDOS FREI TITO DE ALENCAR LIMA<\/h4>\n\n\n\n<p id=\"block-23ee8a7a-4e8d-43e2-b746-001e042993f1\"><strong>Clique no item para realizar a consulta desejada:<\/strong><\/p>\n\n\n\n<ul id=\"block-3099e8f7-650f-4a2c-adc6-3d3947756b88\" class=\"wp-block-list\">\n<li><a href=\"http:\/\/cepefreititoal.org.br\/wp-content\/uploads\/2025\/03\/Cadastro-Nacional-de-Pessoa-Fisica-1-1.pdf\">Cadastro Nacional de Pessoa Jur\u00eddica<\/a><\/li>\n\n\n\n<li><a href=\"http:\/\/cepefreititoal.org.br\/wp-content\/uploads\/2025\/03\/Estatuto-Atualizado-15.03.2021-1.pdf\">Estatuto Social<\/a><\/li>\n\n\n\n<li><a href=\"http:\/\/cepefreititoal.org.br\/wp-content\/uploads\/2025\/03\/Ata-de-Eleicao-da-Atual-Diretoria-2024-a-2027-1.pdf\">Ata de Elei\u00e7\u00e3o da Atual Diretoria<\/a><\/li>\n\n\n\n<li><a href=\"http:\/\/cepefreititoal.org.br\/wp-content\/uploads\/2025\/03\/BALANCO-2024-publicacao.pdf\">Balan\u00e7o Patrimonial e DRE de 2024<\/a><\/li>\n<\/ul>\n\n\n\n<hr class=\"wp-block-separator has-alpha-channel-opacity\"\/>\n\n\n\n<h4 class=\"wp-block-heading\" id=\"block-0f02278e-18c7-4c18-a4f9-6d3ff5b9e44b\"><mark style=\"background-color:rgba(0, 0, 0, 0)\" class=\"has-inline-color has-light-green-cyan-color\">TERMO DE COLABORA\u00c7\u00c3O ADT 01 AS08\/2025<\/mark><\/h4>\n\n\n\n<ul id=\"block-437899cd-ff24-4a6b-a270-f217698da1c0\" class=\"wp-block-list\">\n<li><a href=\"http:\/\/cepefreititoal.org.br\/wp-content\/uploads\/2025\/03\/Termo-ADT-01-AS-08-2025.pdf\">Celebra\u00e7\u00e3o do Termo de Colabora\u00e7\u00e3o ADT 01 AS08\/2025<\/a><\/li>\n\n\n\n<li><a href=\"http:\/\/cepefreititoal.org.br\/wp-content\/uploads\/2025\/10\/Plano-de-Trabalho-ADT01-AS08-2025.pdf\">Plano de Trabalho ADT 01 AS08\/2025.<\/a><\/li>\n\n\n\n<li><a href=\"http:\/\/cepefreititoal.org.br\/wp-content\/uploads\/2025\/03\/Quadro-Detrlhado-de-todos-funcionarios.pdf\">Remunera\u00e7\u00e3o individualizada dos funcion\u00e1rios e prestadores de servi\u00e7os AS08<\/a><\/li>\n\n\n\n<li><a href=\"http:\/\/cepefreititoal.org.br\/wp-content\/uploads\/2025\/03\/Regulamento-de-Compras.pdf\">Regulamento de Compras<\/a><\/li>\n\n\n\n<li><a href=\"http:\/\/cepefreititoal.org.br\/index.php\/relatorio-fisico-financeiro-2025\/\">Relat\u00f3rio&nbsp;<em>F\u00edsico-Financeiro<\/em>&nbsp;2025<\/a><\/li>\n<\/ul>\n\n\n\n<p id=\"block-0326f812-90ce-4ad8-8140-e8ce5d477c32\">PRESTA\u00c7\u00c3O DE CONTAS MENSAL \u2013 (Selecione o m\u00eas para realizar a consulta)<\/p>\n\n\n\n<h4 class=\"wp-block-heading\">Janeiro a Dezembro de 2025<\/h4>\n\n\n\n<figure class=\"wp-block-table\"><table><tbody><tr><td><a href=\"http:\/\/cepefreititoal.org.br\/wp-content\/uploads\/2025\/02\/PCF-ADT-01-AS-08-2025-01-2025.pdf\">JAN\/25<\/a><\/td><td><a href=\"http:\/\/cepefreititoal.org.br\/wp-content\/uploads\/2025\/03\/PCF-ADT01-AS08-2025-02-2025.pdf\">FEV\/25<\/a><\/td><td><a href=\"http:\/\/cepefreititoal.org.br\/wp-content\/uploads\/2025\/04\/PCF-ADT01-AS08-2025-Marco-2025.pdf\">MAR\/25<\/a><\/td><td><a href=\"http:\/\/cepefreititoal.org.br\/wp-content\/uploads\/2025\/05\/PCF-ADT-01-AS08-2025-abril-2025.pdf\">ABR\/25<\/a><\/td><td><a href=\"http:\/\/cepefreititoal.org.br\/wp-content\/uploads\/2025\/06\/PCF-ADT-01-AS08-2025-maio-2025.pdf\">MAI\/25<\/a><\/td><td><a href=\"http:\/\/cepefreititoal.org.br\/wp-content\/uploads\/2025\/07\/PCF-ADT01-AS08-junho-2025.pdf\">JUN\/25<\/a><\/td><\/tr><\/tbody><\/table><\/figure>\n\n\n\n<figure class=\"wp-block-table\"><table><tbody><tr><td><a href=\"http:\/\/cepefreititoal.org.br\/wp-content\/uploads\/2025\/08\/PCF-TC-ADT-01-AS08-2025-julho-2025.pdf\">JUL\/25<\/a><\/td><td><a href=\"http:\/\/cepefreititoal.org.br\/wp-content\/uploads\/2025\/09\/PCF-ADT-01-AS08-2025-08-2025.pdf\">AGO\/25<\/a><\/td><td><a href=\"http:\/\/cepefreititoal.org.br\/wp-content\/uploads\/2025\/10\/PCF-ADT01-AS08-2025-Setembro-2025.pdf\">SET\/25<\/a><\/td><td><a href=\"http:\/\/cepefreititoal.org.br\/wp-content\/uploads\/2025\/11\/PCF-ADT-01-AS-08-2025-outubro-2025.pdf\">OUT\/25<\/a><\/td><td><a href=\"http:\/\/cepefreititoal.org.br\/wp-content\/uploads\/2025\/12\/PCF-ADT01-AS08-2025-novembro-2025.pdf\">NOV\/25<\/a><\/td><td><a href=\"http:\/\/cepefreititoal.org.br\/wp-content\/uploads\/2026\/01\/PCF-Termo-de-Colaboracao-ADT01-AS08-2025-dezembro-2025.pdf\">DEZ\/25<\/a><\/td><\/tr><\/tbody><\/table><\/figure>\n\n\n\n<hr class=\"wp-block-separator has-alpha-channel-opacity\"\/>\n\n\n\n<h4 class=\"wp-block-heading\" id=\"block-90ee197f-d8e2-45d4-a2ee-838562095077\"><mark style=\"background-color:rgba(0, 0, 0, 0)\" class=\"has-inline-color has-vivid-red-color\">TERMO DE COLABORA\u00c7\u00c3O DMCULT 01 2025<\/mark><\/h4>\n\n\n\n<ul id=\"block-ad000781-c627-44f4-9388-b95f1b3d5168\" class=\"wp-block-list\">\n<li><a href=\"http:\/\/cepefreititoal.org.br\/wp-content\/uploads\/2025\/03\/DMCULT-2025.pdf\">Celebra\u00e7\u00e3o do Termo de Colabora\u00e7\u00e3o DMCULT01\/2025<\/a><\/li>\n\n\n\n<li><a href=\"http:\/\/cepefreititoal.org.br\/wp-content\/uploads\/2025\/03\/Plano-DMCULT-2025.pdf\">Plano de Trabalho Termo de Colabora\u00e7\u00e3o DMCULT01\/2025<\/a><\/li>\n\n\n\n<li><a href=\"http:\/\/cepefreititoal.org.br\/wp-content\/uploads\/2025\/03\/TERMO-DE-ADITAMENTO-01.ADT-DMCULT-012025.pdf\">Celebra\u00e7\u00e3o do Termo de Colabora\u00e7\u00e3o ADT01 DMCULT01\/2025<\/a><\/li>\n\n\n\n<li><a href=\"http:\/\/cepefreititoal.org.br\/wp-content\/uploads\/2025\/03\/DMCULT-2025-ADITAMENTO.zip\">Plano de Trabalho Termo de Colabora\u00e7\u00e3o ADT01 DMCULT01\/2025<\/a><\/li>\n\n\n\n<li><a href=\"http:\/\/cepefreititoal.org.br\/wp-content\/uploads\/2025\/03\/Quadro-Detrlhado-de-todos-funcionarios-1.pdf\">Remunera\u00e7\u00e3o individualizada dos funcion\u00e1rios e prestadores de servi\u00e7os DMCULT<\/a><\/li>\n\n\n\n<li><a href=\"http:\/\/cepefreititoal.org.br\/wp-content\/uploads\/2025\/03\/Regulamento-de-Compras.pdf\">Regulamento de Compras<\/a><\/li>\n\n\n\n<li><a href=\"http:\/\/cepefreititoal.org.br\/index.php\/relatorio-fisico-financeiro-2025\/\">Relat\u00f3rio&nbsp;<em>F\u00edsico-Financeiro<\/em>&nbsp;2025<\/a><\/li>\n<\/ul>\n\n\n\n<p id=\"block-d0ce375b-3c93-499c-92d9-1ba031ca5540\">PRESTA\u00c7\u00c3O DE CONTAS MENSAL \u2013 (Selecione o m\u00eas para realizar a consulta)<\/p>\n\n\n\n<h4 class=\"wp-block-heading\">Janeiro a Dezembro de 2025<\/h4>\n\n\n\n<figure class=\"wp-block-table\"><table><tbody><tr><td><a href=\"http:\/\/cepefreititoal.org.br\/wp-content\/uploads\/2025\/02\/PCF-DMCULT-01-2025-janeiro-2025.pdf\">JAN\/25<\/a><\/td><td><a href=\"http:\/\/cepefreititoal.org.br\/wp-content\/uploads\/2025\/03\/PCF-ADT-01-DMCULT-2025-02-2025.pdf\">FEV\/25<\/a><\/td><td><a href=\"http:\/\/cepefreititoal.org.br\/wp-content\/uploads\/2025\/04\/PCF-ADT-01-DMCULT-01-2025-marco-de-2025.pdf\">MAR\/25<\/a><\/td><td><a href=\"http:\/\/cepefreititoal.org.br\/wp-content\/uploads\/2025\/05\/PCF-ADT-01-DMCULT-01-2025-abril-2025.pdf\">ABR\/25<\/a><\/td><td><a href=\"http:\/\/cepefreititoal.org.br\/wp-content\/uploads\/2025\/06\/PCF-ADT-01-DMCULT-2025-maio-2025.pdf\">MAI\/25<\/a><\/td><td><a href=\"http:\/\/cepefreititoal.org.br\/wp-content\/uploads\/2025\/08\/PFC-ADT01-DMCULT-2025-JUNHO-2025-P2.pdf\">JUN\/25<\/a><\/td><\/tr><\/tbody><\/table><\/figure>\n\n\n\n<figure class=\"wp-block-table\"><table><tbody><tr><td><a href=\"http:\/\/cepefreititoal.org.br\/wp-content\/uploads\/2025\/08\/PCF-ADT01-DMCULT-2025-JULHO-2025.pdf\">JUL\/25<\/a><\/td><td><a href=\"http:\/\/cepefreititoal.org.br\/wp-content\/uploads\/2025\/09\/PCF-ADT01-DMCULT-2025-agosto-2025.pdf\">AGO\/25<\/a><\/td><td><a href=\"http:\/\/cepefreititoal.org.br\/wp-content\/uploads\/2025\/10\/PCF-ADT01-DMCULT-2025-Setembro-de-2025.pdf\">SET\/25<\/a><\/td><td><a href=\"http:\/\/cepefreititoal.org.br\/wp-content\/uploads\/2025\/11\/PCF-ADT01-DMCULT-2025-10-2025.pdf\">OUT\/25<\/a><\/td><td><a href=\"http:\/\/cepefreititoal.org.br\/wp-content\/uploads\/2025\/12\/PCF-Termo-de-Colaboracao-ADT0-1-DMCULT-2025-novembro-2025.pdf\">NOV\/25<\/a><\/td><td><a href=\"http:\/\/cepefreititoal.org.br\/wp-content\/uploads\/2026\/01\/PCF-do-Termo-de-Colaboracao-ADT01-DMCULT-2025-dezembro-de-2025.pdf\">DEZ\/25<\/a><\/td><\/tr><\/tbody><\/table><\/figure>\n\n\n\n<hr class=\"wp-block-separator has-alpha-channel-opacity\"\/>\n\n\n\n<h4 class=\"wp-block-heading\" id=\"block-0f02278e-18c7-4c18-a4f9-6d3ff5b9e44b\"><mark style=\"background-color:rgba(0, 0, 0, 0)\" class=\"has-inline-color has-vivid-cyan-blue-color\">TERMO DE FOMENTO CEPE 2024\/2025<\/mark><\/h4>\n\n\n\n<ul id=\"block-437899cd-ff24-4a6b-a270-f217698da1c0\" class=\"wp-block-list\">\n<li><a href=\"http:\/\/cepefreititoal.org.br\/wp-content\/uploads\/2025\/03\/TERMO-DE-FOMENTO-COLONIA-VENEZA_assinado.pdf\">Celebra\u00e7\u00e3o do Termo de Fomento CEPE 2024.<\/a><\/li>\n\n\n\n<li><a href=\"http:\/\/cepefreititoal.org.br\/wp-content\/uploads\/2025\/03\/Plano.pdf\">Plano de Trabalho Termo de Fomento CEPE 2024.<\/a><\/li>\n\n\n\n<li><a href=\"http:\/\/cepefreititoal.org.br\/wp-content\/uploads\/2025\/03\/Regulamento-de-Compras.pdf\">Regulamento de Compras<\/a><\/li>\n\n\n\n<li><a href=\"http:\/\/cepefreititoal.org.br\/index.php\/relatorio-fisico-financeiro-2025\/\">Relat\u00f3rio&nbsp;<em>F\u00edsico-Financeiro<\/em>&nbsp;2025<\/a><\/li>\n<\/ul>\n\n\n\n<p id=\"block-0326f812-90ce-4ad8-8140-e8ce5d477c32\">PRESTA\u00c7\u00c3O DE CONTAS MENSAL \u2013 (Selecione o m\u00eas para realizar a consulta)<\/p>\n\n\n\n<h4 class=\"wp-block-heading\">Janeiro a Fevereiro de 2025<\/h4>\n\n\n\n<figure class=\"wp-block-table\"><table><tbody><tr><td><a href=\"http:\/\/cepefreititoal.org.br\/wp-content\/uploads\/2025\/02\/PCF-TFO-CEPE-2024-janeiro-2025.pdf\">JANEIRO\/2025<\/a><\/td><td><a href=\"http:\/\/cepefreititoal.org.br\/wp-content\/uploads\/2025\/03\/PCF-TFO-CEPE-2024-02-2025.pdf\">FEVEREIRO\/2025<\/a><\/td><\/tr><\/tbody><\/table><\/figure>\n\n\n\n<hr class=\"wp-block-separator has-alpha-channel-opacity\"\/>\n\n\n\n<p id=\"block-71412e3d-d154-47a2-b6d9-f307245091ef\"><strong>Observa\u00e7\u00e3o:<\/strong>&nbsp;Os documentos comprobat\u00f3rios encontram-se dispon\u00edveis fisicamente&nbsp;na UPS1 \u2013 Recanto Col\u00f4nia Veneza localizada&nbsp; na Avenida Darci Fonseca, 181, Bairro dos Prados, Peru\u00edbe\/SP \u2013 11750-000 \/Tel (13) 3458-1717 e 3456-3206 \/ email: cepecolonia@uol.com.br, a disposi\u00e7\u00e3o dos \u00d3rg\u00e3os competentes para verifica\u00e7\u00e3o e quaisquer outros procedimentos que se fizerem necess\u00e1rios.<\/p>\n","protected":false},"excerpt":{"rendered":"<p>CENTRO ECUM\u00caNICO DE PUBLICA\u00c7\u00d5ES E ESTUDOS FREI TITO DE ALENCAR LIMA Clique no item para realizar a consulta desejada: TERMO DE COLABORA\u00c7\u00c3O ADT 01 AS08\/2025 PRESTA\u00c7\u00c3O DE CONTAS MENSAL \u2013 (Selecione o m\u00eas para realizar a consulta) Janeiro a Dezembro de 2025 JAN\/25 FEV\/25 MAR\/25 ABR\/25 MAI\/25 JUN\/25 JUL\/25 AGO\/25 SET\/25 OUT\/25 NOV\/25 DEZ\/25 TERMO [&hellip;]<\/p>\n","protected":false},"author":1,"featured_media":0,"parent":0,"menu_order":0,"comment_status":"closed","ping_status":"closed","template":"","meta":{"footnotes":""},"class_list":["post-72","page","type-page","status-publish","hentry"],"_links":{"self":[{"href":"http:\/\/cepefreititoal.org.br\/index.php\/wp-json\/wp\/v2\/pages\/72","targetHints":{"allow":["GET"]}}],"collection":[{"href":"http:\/\/cepefreititoal.org.br\/index.php\/wp-json\/wp\/v2\/pages"}],"about":[{"href":"http:\/\/cepefreititoal.org.br\/index.php\/wp-json\/wp\/v2\/types\/page"}],"author":[{"embeddable":true,"href":"http:\/\/cepefreititoal.org.br\/index.php\/wp-json\/wp\/v2\/users\/1"}],"replies":[{"embeddable":true,"href":"http:\/\/cepefreititoal.org.br\/index.php\/wp-json\/wp\/v2\/comments?post=72"}],"version-history":[{"count":33,"href":"http:\/\/cepefreititoal.org.br\/index.php\/wp-json\/wp\/v2\/pages\/72\/revisions"}],"predecessor-version":[{"id":285,"href":"http:\/\/cepefreititoal.org.br\/index.php\/wp-json\/wp\/v2\/pages\/72\/revisions\/285"}],"wp:attachment":[{"href":"http:\/\/cepefreititoal.org.br\/index.php\/wp-json\/wp\/v2\/media?parent=72"}],"curies":[{"name":"wp","href":"https:\/\/api.w.org\/{rel}","templated":true}]}}