{"id":101,"date":"2025-02-25T12:04:37","date_gmt":"2025-02-25T15:04:37","guid":{"rendered":"http:\/\/cepefreititoal.org.br\/?page_id=101"},"modified":"2025-02-25T12:05:24","modified_gmt":"2025-02-25T15:05:24","slug":"direcao","status":"publish","type":"page","link":"https:\/\/cepefreititoal.org.br\/index.php\/direcao\/","title":{"rendered":"Dire\u00e7\u00e3o"},"content":{"rendered":"\n<h3 class=\"wp-block-heading\">DIRETORIA DO CENTRO ECUM\u00caNICO DE PUBLICA\u00c7\u00d5ES E ESTUDOS FREI TITO DE ALENCAR LIMA<\/h3>\n\n\n\n<p>O Centro Ecum\u00eanico de Publica\u00e7\u00f5es e Estudos Frei Tito de Alencar Lima &#8211; CEPE \u00e9 uma ONG reconhecida oficialmente, pelo Governo Federal, Estadual e Municipal (de S\u00e3o Paulo e Peru\u00edbe\/SP), como entidade de utilidade p\u00fablica, sem fins lucrativos. Sua estrutura jur\u00eddica \u00e9 regulada por um Estatuto. Seu governo e a administra\u00e7\u00e3o est\u00e3o sob a responsabilidade de \u00f3rg\u00e3os previstos em lei.<\/p>\n\n\n\n<h3 class=\"wp-block-heading\">DIRETORIA:<\/h3>\n\n\n\n<figure class=\"wp-block-table\"><table class=\"has-fixed-layout\"><tbody><tr><td>Presidente:&nbsp;C\u00e9lia Marcondes Sodr\u00e9 Craice<\/td><\/tr><tr><td>Vice Presidente:&nbsp;Marina Antonieta Gandini Marques Caldeira<\/td><\/tr><tr><td>1\u00ba Secret\u00e1rio:&nbsp;En\u00e9as Craice Filho<\/td><\/tr><tr><td>2\u00ba Secret\u00e1rio:&nbsp;Jos\u00e9 Domingos Bragheto<\/td><\/tr><tr><td>1\u00ba Tesoureira:&nbsp;K\u00e1tia de Souza Nunes Scarabtto<\/td><\/tr><tr><td>2\u00ba Tesoureira:&nbsp;Eliane Aparecida de Santana Lima<\/td><\/tr><\/tbody><\/table><\/figure>\n\n\n\n<h3 class=\"wp-block-heading\">CONSELHO FISCAL:<\/h3>\n\n\n\n<figure class=\"wp-block-table\"><table class=\"has-fixed-layout\"><tbody><tr><td>Antonio Jos\u00e9 Gomes<\/td><\/tr><tr><td>Jos\u00e9 Lirio Soares<\/td><\/tr><tr><td>Sergio Foralosso<\/td><\/tr><\/tbody><\/table><\/figure>\n\n\n\n<h3 class=\"wp-block-heading\">CONSELHO CONSULTIVO:<\/h3>\n\n\n\n<figure class=\"wp-block-table\"><table class=\"has-fixed-layout\"><tbody><tr><td>Fernando Alves Cortez<\/td><\/tr><tr><td>Paulino Marques Caldeira<\/td><\/tr><tr><td>T\u00e2nia Cristina Merlotto Segretti<\/td><\/tr><tr><td>Jos\u00e9 Bazilio de Lucena<\/td><\/tr><\/tbody><\/table><\/figure>\n","protected":false},"excerpt":{"rendered":"<p>DIRETORIA DO CENTRO ECUM\u00caNICO DE PUBLICA\u00c7\u00d5ES E ESTUDOS FREI TITO DE ALENCAR LIMA O Centro Ecum\u00eanico de Publica\u00e7\u00f5es e Estudos Frei Tito de Alencar Lima &#8211; CEPE \u00e9 uma ONG reconhecida oficialmente, pelo Governo Federal, Estadual e Municipal (de S\u00e3o Paulo e Peru\u00edbe\/SP), como entidade de utilidade p\u00fablica, sem fins lucrativos. Sua estrutura jur\u00eddica \u00e9 [&hellip;]<\/p>\n","protected":false},"author":1,"featured_media":0,"parent":0,"menu_order":0,"comment_status":"closed","ping_status":"closed","template":"","meta":{"footnotes":""},"class_list":["post-101","page","type-page","status-publish","hentry"],"_links":{"self":[{"href":"https:\/\/cepefreititoal.org.br\/index.php\/wp-json\/wp\/v2\/pages\/101","targetHints":{"allow":["GET"]}}],"collection":[{"href":"https:\/\/cepefreititoal.org.br\/index.php\/wp-json\/wp\/v2\/pages"}],"about":[{"href":"https:\/\/cepefreititoal.org.br\/index.php\/wp-json\/wp\/v2\/types\/page"}],"author":[{"embeddable":true,"href":"https:\/\/cepefreititoal.org.br\/index.php\/wp-json\/wp\/v2\/users\/1"}],"replies":[{"embeddable":true,"href":"https:\/\/cepefreititoal.org.br\/index.php\/wp-json\/wp\/v2\/comments?post=101"}],"version-history":[{"count":2,"href":"https:\/\/cepefreititoal.org.br\/index.php\/wp-json\/wp\/v2\/pages\/101\/revisions"}],"predecessor-version":[{"id":106,"href":"https:\/\/cepefreititoal.org.br\/index.php\/wp-json\/wp\/v2\/pages\/101\/revisions\/106"}],"wp:attachment":[{"href":"https:\/\/cepefreititoal.org.br\/index.php\/wp-json\/wp\/v2\/media?parent=101"}],"curies":[{"name":"wp","href":"https:\/\/api.w.org\/{rel}","templated":true}]}}