{"id":25,"date":"2025-02-03T23:02:14","date_gmt":"2025-02-04T02:02:14","guid":{"rendered":"http:\/\/cepefreititoal.org.br\/?page_id=25"},"modified":"2026-01-23T17:27:11","modified_gmt":"2026-01-23T20:27:11","slug":"contato","status":"publish","type":"page","link":"https:\/\/cepefreititoal.org.br\/index.php\/contato\/","title":{"rendered":"Contato"},"content":{"rendered":"\n<h3 class=\"wp-block-heading\">Unidade de Peru\u00edbe<\/h3>\n\n\n\n<p><em><strong>Contato<br><\/strong><\/em>Telefones: (13) 3458-1717\/ (13) 3456-3206<br>e-mail: coloniaveneza@uol.com.br \/ cepecolonia@uol.com.br<\/p>\n\n\n\n<p><em><strong>Localiza\u00e7\u00e3o<\/strong><\/em><br>Recanto Col\u00f4nia Veneza<br>Avenida Darci Fonseca, 181, Bairro dos Prados, Peru\u00edbe\/SP \u2013 11776-698<\/p>\n\n\n\n<p><\/p>\n","protected":false},"excerpt":{"rendered":"<p>Unidade de Peru\u00edbe ContatoTelefones: (13) 3458-1717\/ (13) 3456-3206e-mail: coloniaveneza@uol.com.br \/ cepecolonia@uol.com.br Localiza\u00e7\u00e3oRecanto Col\u00f4nia VenezaAvenida Darci Fonseca, 181, Bairro dos Prados, Peru\u00edbe\/SP \u2013 11776-698<\/p>\n","protected":false},"author":1,"featured_media":0,"parent":0,"menu_order":0,"comment_status":"closed","ping_status":"closed","template":"","meta":{"footnotes":""},"class_list":["post-25","page","type-page","status-publish","hentry"],"_links":{"self":[{"href":"https:\/\/cepefreititoal.org.br\/index.php\/wp-json\/wp\/v2\/pages\/25","targetHints":{"allow":["GET"]}}],"collection":[{"href":"https:\/\/cepefreititoal.org.br\/index.php\/wp-json\/wp\/v2\/pages"}],"about":[{"href":"https:\/\/cepefreititoal.org.br\/index.php\/wp-json\/wp\/v2\/types\/page"}],"author":[{"embeddable":true,"href":"https:\/\/cepefreititoal.org.br\/index.php\/wp-json\/wp\/v2\/users\/1"}],"replies":[{"embeddable":true,"href":"https:\/\/cepefreititoal.org.br\/index.php\/wp-json\/wp\/v2\/comments?post=25"}],"version-history":[{"count":3,"href":"https:\/\/cepefreititoal.org.br\/index.php\/wp-json\/wp\/v2\/pages\/25\/revisions"}],"predecessor-version":[{"id":289,"href":"https:\/\/cepefreititoal.org.br\/index.php\/wp-json\/wp\/v2\/pages\/25\/revisions\/289"}],"wp:attachment":[{"href":"https:\/\/cepefreititoal.org.br\/index.php\/wp-json\/wp\/v2\/media?parent=25"}],"curies":[{"name":"wp","href":"https:\/\/api.w.org\/{rel}","templated":true}]}}