{"id":26,"date":"2025-02-03T23:02:14","date_gmt":"2025-02-04T02:02:14","guid":{"rendered":"http:\/\/cepefreititoal.org.br\/?page_id=26"},"modified":"2025-02-03T23:05:34","modified_gmt":"2025-02-04T02:05:34","slug":"faq","status":"publish","type":"page","link":"https:\/\/cepefreititoal.org.br\/index.php\/faq\/","title":{"rendered":"Perguntas e respostas"},"content":{"rendered":"\n<p>Onde fica a Col\u00f4nia Veneza?<\/p>\n\n\n\n<p><strong>Col\u00f4nia Veneza:<\/strong>&nbsp;A Col\u00f4nia Veneza fica localizada na&nbsp;Av. Darcy Fonseca, N\u00ba 181 \u2013 Bairro dos Prados, Peru\u00edbe \u2013 SP, 11750-000.<\/p>\n\n\n\n<hr class=\"wp-block-separator has-alpha-channel-opacity\"\/>\n\n\n\n<p>Quais s\u00e3o os hor\u00e1rios de atendimento?<\/p>\n\n\n\n<p><strong>Col\u00f4nia Veneza:<\/strong>&nbsp;O hor\u00e1rio de funcionamento \u00e9 de segunda a sexta-feira das 07:00 as 17:00 horas.<\/p>\n\n\n\n<hr class=\"wp-block-separator has-alpha-channel-opacity\"\/>\n\n\n\n<p>O usu\u00e1rio precisa realizar pagamentos?<\/p>\n\n\n\n<p><strong>Col\u00f4nia Veneza:&nbsp;<\/strong>Em hipotes alguma o usu\u00e1rio \u00e9 cobrado pelo atendimento,&nbsp;o nosso projeto \u00e9 100% gratuito.<\/p>\n\n\n\n<hr class=\"wp-block-separator has-alpha-channel-opacity\"\/>\n\n\n\n<p>Como fa\u00e7o para inscrever o meu filho?<\/p>\n\n\n\n<p><strong>Col\u00f4nia Veneza:&nbsp;<\/strong>Voc\u00ea deve comparecer a unidade Col\u00f4nia Veneza no endere\u00e7o:&nbsp;Av. Darcy Fonseca, N\u00ba 181 \u2013 Bairro dos Prados, Peru\u00edbe \u2013 SP, 11750-000, das 07:00 as 13:00 horas para a entrevista e cadastro com a nossa Assistente Social.<\/p>\n\n\n\n<hr class=\"wp-block-separator has-alpha-channel-opacity\"\/>\n\n\n\n<p>Quero ver mais fotos do projeto como eu fa\u00e7o?<\/p>\n\n\n\n<p><strong>Col\u00f4nia Veneza:&nbsp;<\/strong>Nos acompanhe pelas redes sociais no&nbsp;<a href=\"https:\/\/www.facebook.com\/coloniaveneza.cepe\">facebook<\/a>&nbsp;ou&nbsp;<a href=\"https:\/\/www.youtube.com\/user\/ivalter1\/videos\">Youtube<\/a><\/p>\n\n\n\n<hr class=\"wp-block-separator has-alpha-channel-opacity\"\/>\n\n\n\n<p>Para mais informa\u00e7\u00f5es ligue ou mande um email para:<\/p>\n\n\n\n<p>Telefone: (13) 3458-1717<br>Email: coloniaveneza@uol.com.br<\/p>\n","protected":false},"excerpt":{"rendered":"<p>Onde fica a Col\u00f4nia Veneza? Col\u00f4nia Veneza:&nbsp;A Col\u00f4nia Veneza fica localizada na&nbsp;Av. Darcy Fonseca, N\u00ba 181 \u2013 Bairro dos Prados, Peru\u00edbe \u2013 SP, 11750-000. Quais s\u00e3o os hor\u00e1rios de atendimento? Col\u00f4nia Veneza:&nbsp;O hor\u00e1rio de funcionamento \u00e9 de segunda a sexta-feira das 07:00 as 17:00 horas. O usu\u00e1rio precisa realizar pagamentos? Col\u00f4nia Veneza:&nbsp;Em hipotes alguma o [&hellip;]<\/p>\n","protected":false},"author":1,"featured_media":0,"parent":0,"menu_order":0,"comment_status":"closed","ping_status":"closed","template":"","meta":{"footnotes":""},"class_list":["post-26","page","type-page","status-publish","hentry"],"_links":{"self":[{"href":"https:\/\/cepefreititoal.org.br\/index.php\/wp-json\/wp\/v2\/pages\/26","targetHints":{"allow":["GET"]}}],"collection":[{"href":"https:\/\/cepefreititoal.org.br\/index.php\/wp-json\/wp\/v2\/pages"}],"about":[{"href":"https:\/\/cepefreititoal.org.br\/index.php\/wp-json\/wp\/v2\/types\/page"}],"author":[{"embeddable":true,"href":"https:\/\/cepefreititoal.org.br\/index.php\/wp-json\/wp\/v2\/users\/1"}],"replies":[{"embeddable":true,"href":"https:\/\/cepefreititoal.org.br\/index.php\/wp-json\/wp\/v2\/comments?post=26"}],"version-history":[{"count":4,"href":"https:\/\/cepefreititoal.org.br\/index.php\/wp-json\/wp\/v2\/pages\/26\/revisions"}],"predecessor-version":[{"id":35,"href":"https:\/\/cepefreititoal.org.br\/index.php\/wp-json\/wp\/v2\/pages\/26\/revisions\/35"}],"wp:attachment":[{"href":"https:\/\/cepefreititoal.org.br\/index.php\/wp-json\/wp\/v2\/media?parent=26"}],"curies":[{"name":"wp","href":"https:\/\/api.w.org\/{rel}","templated":true}]}}