{"id":300,"date":"2026-03-02T21:37:07","date_gmt":"2026-03-03T00:37:07","guid":{"rendered":"https:\/\/cepefreititoal.org.br\/?page_id=300"},"modified":"2026-03-24T20:50:24","modified_gmt":"2026-03-24T23:50:24","slug":"exercicio-2026","status":"publish","type":"page","link":"https:\/\/cepefreititoal.org.br\/index.php\/exercicio-2026\/","title":{"rendered":"Presta\u00e7\u00e3o de Contas Col\u00f4nia Veneza \u2013 2026"},"content":{"rendered":"\n<h4 class=\"wp-block-heading\" id=\"block-3bdbd037-b678-4780-aa39-ed613265880c\">CENTRO ECUM\u00caNICO DE PUBLICA\u00c7\u00d5ES E ESTUDOS FREI TITO DE ALENCAR LIMA<\/h4>\n\n\n\n<p id=\"block-23ee8a7a-4e8d-43e2-b746-001e042993f1\"><strong>Clique no item para realizar a consulta desejada:<\/strong><\/p>\n\n\n\n<ul id=\"block-3099e8f7-650f-4a2c-adc6-3d3947756b88\" class=\"wp-block-list\">\n<li><a href=\"http:\/\/cepefreititoal.org.br\/wp-content\/uploads\/2025\/03\/Cadastro-Nacional-de-Pessoa-Fisica-1-1.pdf\">Cadastro Nacional de Pessoa Jur\u00eddica<\/a><\/li>\n\n\n\n<li><a href=\"http:\/\/cepefreititoal.org.br\/wp-content\/uploads\/2025\/03\/Estatuto-Atualizado-15.03.2021-1.pdf\">Estatuto Social<\/a><\/li>\n\n\n\n<li><a href=\"http:\/\/cepefreititoal.org.br\/wp-content\/uploads\/2025\/03\/Ata-de-Eleicao-da-Atual-Diretoria-2024-a-2027-1.pdf\">Ata de Elei\u00e7\u00e3o da Atual Diretoria<\/a><\/li>\n\n\n\n<li><a href=\"http:\/\/cepefreititoal.org.br\/wp-content\/uploads\/2026\/03\/Balanco-e-DRE-2025.pdf\">Balan\u00e7o Patrimonial e DRE de 2025<\/a><\/li>\n<\/ul>\n\n\n\n<hr class=\"wp-block-separator has-alpha-channel-opacity\"\/>\n\n\n\n<h4 class=\"wp-block-heading\" id=\"block-0f02278e-18c7-4c18-a4f9-6d3ff5b9e44b\"><mark>TERMO DE ADITAMENTO 02.ADT-AS08\/2026<\/mark><\/h4>\n\n\n\n<ul id=\"block-437899cd-ff24-4a6b-a270-f217698da1c0\" class=\"wp-block-list\">\n<li><a href=\"http:\/\/cepefreititoal.org.br\/wp-content\/uploads\/2026\/03\/01-ADT-02-AS08-2026.pdf\">Celebra\u00e7\u00e3o do Termo de Colabora\u00e7\u00e3o 02.ADT-AS08\/2026.<\/a><\/li>\n\n\n\n<li><a href=\"http:\/\/cepefreititoal.org.br\/wp-content\/uploads\/2026\/03\/a.a-plano-de-trabalho-e-aplicacao-financeira.pdf\">Plano de Trabalho 02.ADT-AS08\/2026.<\/a><\/li>\n\n\n\n<li><a href=\"http:\/\/cepefreititoal.org.br\/wp-content\/uploads\/2026\/03\/Remuneracao-individualizada-dos-funcionarios-e-prestadores-de-servicos.pdf\">Remunera\u00e7\u00e3o individualizada dos funcion\u00e1rios e prestadores de servi\u00e7os<\/a><\/li>\n\n\n\n<li><a href=\"http:\/\/cepefreititoal.org.br\/wp-content\/uploads\/2025\/03\/Regulamento-de-Compras.pdf\">Regulamento de Compras<\/a><\/li>\n\n\n\n<li><a href=\"https:\/\/cepefreititoal.org.br\/index.php\/relatorios-2026\/\">Relat\u00f3rio&nbsp;<em>F\u00edsico-Financeiro<\/em>&nbsp;2026<\/a><\/li>\n<\/ul>\n\n\n\n<p id=\"block-0326f812-90ce-4ad8-8140-e8ce5d477c32\">PRESTA\u00c7\u00c3O DE CONTAS MENSAL \u2013 (Selecione o m\u00eas para realizar a consulta)<\/p>\n\n\n\n<h4 class=\"wp-block-heading\">Janeiro a Dezembro de 2026<\/h4>\n\n\n\n<figure class=\"wp-block-table\"><table class=\"has-fixed-layout\"><tbody><tr><td><a href=\"http:\/\/cepefreititoal.org.br\/wp-content\/uploads\/2026\/03\/PCF-02ADT-AS08-2026-01-2026.pdf\">JAN\/26<\/a><\/td><td><a href=\"http:\/\/cepefreititoal.org.br\/wp-content\/uploads\/2026\/03\/PCF-do-Termo-de-Colaboracao-02-AD-AS08-2026-02-2026.pdf\">FEV\/26<\/a><\/td><td>MAR\/26<\/td><td>ABR\/26<\/td><td>MAI\/26<\/td><td>JUN\/26<\/td><\/tr><\/tbody><\/table><\/figure>\n\n\n\n<figure class=\"wp-block-table\"><table class=\"has-fixed-layout\"><tbody><tr><td>JUL\/26<\/td><td>AGO\/26<\/td><td>SET\/26<\/td><td>OUT\/26<\/td><td>NOV\/26<\/td><td>DEZ\/26<\/td><\/tr><\/tbody><\/table><\/figure>\n\n\n\n<hr class=\"wp-block-separator has-alpha-channel-opacity\"\/>\n\n\n\n<h4 class=\"wp-block-heading\" id=\"block-90ee197f-d8e2-45d4-a2ee-838562095077\"><mark>TERMO DE COLABORA\u00c7\u00c3O DMCULT 01\/2026<\/mark><\/h4>\n\n\n\n<ul id=\"block-ad000781-c627-44f4-9388-b95f1b3d5168\" class=\"wp-block-list\">\n<li><a href=\"http:\/\/cepefreititoal.org.br\/wp-content\/uploads\/2026\/03\/02-DMCULT-01-2026.pdf\">Celebra\u00e7\u00e3o do Termo de Colabora\u00e7\u00e3o DMCULT01\/2026.<\/a><\/li>\n\n\n\n<li><a href=\"http:\/\/cepefreititoal.org.br\/wp-content\/uploads\/2026\/03\/a.a-plano-de-trabalho-e-aplicacao-financeira-1.pdf\">Plano de Trabalho Termo de Colabora\u00e7\u00e3o DMCULT01\/2026.<\/a><\/li>\n\n\n\n<li><a href=\"http:\/\/cepefreititoal.org.br\/wp-content\/uploads\/2026\/03\/Remuneracao-individualizada-dos-funcionarios-e-prestadores-de-servicos.pdf\">Remunera\u00e7\u00e3o individualizada dos funcion\u00e1rios e prestadores de servi\u00e7os<\/a> <\/li>\n\n\n\n<li><a href=\"http:\/\/cepefreititoal.org.br\/wp-content\/uploads\/2025\/03\/Regulamento-de-Compras.pdf\">Regulamento de Compras<\/a><\/li>\n\n\n\n<li><a href=\"https:\/\/cepefreititoal.org.br\/index.php\/relatorios-2026\/\">Relat\u00f3rio\u00a0<em>F\u00edsico-Financeiro<\/em>\u00a02026<\/a><\/li>\n<\/ul>\n\n\n\n<p id=\"block-d0ce375b-3c93-499c-92d9-1ba031ca5540\">PRESTA\u00c7\u00c3O DE CONTAS MENSAL \u2013 (Selecione o m\u00eas para realizar a consulta)<\/p>\n\n\n\n<h4 class=\"wp-block-heading\">Janeiro a Dezembro de 2026<\/h4>\n\n\n\n<figure class=\"wp-block-table\"><table class=\"has-fixed-layout\"><tbody><tr><td><a href=\"http:\/\/cepefreititoal.org.br\/wp-content\/uploads\/2026\/03\/PCF-TC-DMCULT-01-2026-01-2026.pdf\">JAN\/26<\/a><\/td><td><a href=\"http:\/\/cepefreititoal.org.br\/wp-content\/uploads\/2026\/03\/PCF-TC-DMCULT-01-2026-02-2026.pdf\">FEV\/26<\/a><\/td><td>MAR\/26<\/td><td>ABR\/26<\/td><td>MAI\/26<\/td><td>JUN\/26<\/td><\/tr><\/tbody><\/table><\/figure>\n\n\n\n<figure class=\"wp-block-table\"><table class=\"has-fixed-layout\"><tbody><tr><td>JUL\/26<\/td><td>AGO\/26<\/td><td>SET\/26<\/td><td>OUT\/26<\/td><td>NOV\/26<\/td><td>DEZ\/26<\/td><\/tr><\/tbody><\/table><\/figure>\n\n\n\n<hr class=\"wp-block-separator has-alpha-channel-opacity\"\/>\n\n\n\n<h4 class=\"wp-block-heading\" id=\"block-0f02278e-18c7-4c18-a4f9-6d3ff5b9e44b\"><mark>TERMO DE FOMENTO CEPE 05\/2026<\/mark><\/h4>\n\n\n\n<ul id=\"block-437899cd-ff24-4a6b-a270-f217698da1c0\" class=\"wp-block-list\">\n<li><a href=\"http:\/\/cepefreititoal.org.br\/wp-content\/uploads\/2026\/03\/03-TFO-CEPE-05-2026.pdf\">Celebra\u00e7\u00e3o do Termo de Fomento CEPE 05\/2026.<\/a><\/li>\n\n\n\n<li><a href=\"http:\/\/cepefreititoal.org.br\/wp-content\/uploads\/2026\/03\/Plano-de-Trabalho-Detalhado-e-Aplicacao-Financeira.pdf\">Plano de Trabalho Termo de Fomento CEPE 05\/2026.<\/a><\/li>\n\n\n\n<li><a href=\"http:\/\/cepefreititoal.org.br\/wp-content\/uploads\/2026\/03\/Remuneracao-individualizada-dos-funcionarios-e-prestadores-de-servicos.pdf\">Remunera\u00e7\u00e3o individualizada dos funcion\u00e1rios e prestadores de servi\u00e7os<\/a><\/li>\n\n\n\n<li><a href=\"http:\/\/cepefreititoal.org.br\/wp-content\/uploads\/2025\/03\/Regulamento-de-Compras.pdf\">Regulamento de Compras<\/a><\/li>\n\n\n\n<li><a href=\"https:\/\/cepefreititoal.org.br\/index.php\/relatorios-2026\/\">Relat\u00f3rio\u00a0<em>F\u00edsico-Financeiro<\/em>\u00a02026<\/a><\/li>\n<\/ul>\n\n\n\n<p id=\"block-0326f812-90ce-4ad8-8140-e8ce5d477c32\">PRESTA\u00c7\u00c3O DE CONTAS MENSAL \u2013 (Selecione o m\u00eas para realizar a consulta)<\/p>\n\n\n\n<h4 class=\"wp-block-heading\">Janeiro a Dezembro de 2026<\/h4>\n\n\n\n<figure class=\"wp-block-table\"><table class=\"has-fixed-layout\"><tbody><tr><td><a href=\"http:\/\/cepefreititoal.org.br\/wp-content\/uploads\/2026\/03\/PCF-TFO-CEPE-05-2026-01-2026.pdf\">JAN\/26<\/a><\/td><td><a href=\"http:\/\/cepefreititoal.org.br\/wp-content\/uploads\/2026\/03\/PCF-do-Termo-de-Fomento-CEPE-05-2026-02-2026.pdf\">FEV\/26<\/a><\/td><td>MAR\/26<\/td><td>ABR\/26<\/td><td>MAI\/26<\/td><td>JUN\/26<\/td><\/tr><\/tbody><\/table><\/figure>\n\n\n\n<figure class=\"wp-block-table\"><table class=\"has-fixed-layout\"><tbody><tr><td>JUL\/26<\/td><td>AGO\/26<\/td><td>SET\/26<\/td><td>OUT\/26<\/td><td>NOV\/26<\/td><td>DEZ\/26<\/td><\/tr><\/tbody><\/table><\/figure>\n\n\n\n<hr class=\"wp-block-separator has-alpha-channel-opacity\"\/>\n\n\n\n<h4 class=\"wp-block-heading\" id=\"block-0f02278e-18c7-4c18-a4f9-6d3ff5b9e44b\"><mark>TERMO DE FOMENTO CEPE 09\/2026<\/mark><\/h4>\n\n\n\n<ul id=\"block-437899cd-ff24-4a6b-a270-f217698da1c0\" class=\"wp-block-list\">\n<li><a href=\"http:\/\/cepefreititoal.org.br\/wp-content\/uploads\/2026\/03\/04-TERMO-DE-FOMENTO-CEPE-092026.pdf\">Celebra\u00e7\u00e3o do Termo de Fomento CEPE 09\/2026.<\/a><\/li>\n\n\n\n<li><a href=\"http:\/\/cepefreititoal.org.br\/wp-content\/uploads\/2026\/03\/CEPE_09-2026_-_PLANO_DE_TRABALHO.pdf\">Plano de Trabalho Termo de Fomento CEPE 09\/2026.<\/a><\/li>\n\n\n\n<li><a href=\"http:\/\/cepefreititoal.org.br\/wp-content\/uploads\/2026\/03\/Remuneracao-individualizada-dos-funcionarios-e-prestadores-de-servicos.pdf\">Remunera\u00e7\u00e3o individualizada dos funcion\u00e1rios e prestadores de servi\u00e7os<\/a><\/li>\n\n\n\n<li><a href=\"http:\/\/cepefreititoal.org.br\/wp-content\/uploads\/2025\/03\/Regulamento-de-Compras.pdf\">Regulamento de Compras<\/a><\/li>\n\n\n\n<li><a href=\"http:\/\/cepefreititoal.org.br\/index.php\/relatorio-fisico-financeiro-2025\/\"><\/a><a href=\"https:\/\/cepefreititoal.org.br\/index.php\/relatorios-2026\/\">Relat\u00f3rio&nbsp;<em>F\u00edsico-Financeiro<\/em>&nbsp;2026<\/a><\/li>\n<\/ul>\n\n\n\n<p id=\"block-0326f812-90ce-4ad8-8140-e8ce5d477c32\">PRESTA\u00c7\u00c3O DE CONTAS MENSAL \u2013 (Selecione o m\u00eas para realizar a consulta)<\/p>\n\n\n\n<h4 class=\"wp-block-heading\">Fevereiro a Dezembro de 2026<\/h4>\n\n\n\n<figure class=\"wp-block-table\"><table class=\"has-fixed-layout\"><tbody><tr><td>&#8212;&#8212;&#8212;&#8212;&#8212;-<\/td><td><a href=\"http:\/\/cepefreititoal.org.br\/wp-content\/uploads\/2026\/03\/PCF-Termo-de-Fomento-CEPE-09-2026-02-2026.pdf\">FEV\/26<\/a><\/td><td>MAR\/26<\/td><td>ABR\/26<\/td><td>MAI\/26<\/td><td>JUN\/26<\/td><\/tr><\/tbody><\/table><\/figure>\n\n\n\n<figure class=\"wp-block-table\"><table class=\"has-fixed-layout\"><tbody><tr><td>JUL\/26<\/td><td>AGO\/26<\/td><td>SET\/26<\/td><td>OUT\/26<\/td><td>NOV\/26<\/td><td>DEZ\/26<\/td><\/tr><\/tbody><\/table><\/figure>\n\n\n\n<hr class=\"wp-block-separator has-alpha-channel-opacity\"\/>\n\n\n\n<p id=\"block-71412e3d-d154-47a2-b6d9-f307245091ef\"><strong>Observa\u00e7\u00e3o:<\/strong>&nbsp;Os documentos comprobat\u00f3rios encontram-se dispon\u00edveis fisicamente&nbsp;na UPS1 \u2013 Recanto Col\u00f4nia Veneza localizada&nbsp; na Avenida Darci Fonseca, 181, Bairro dos Prados, Peru\u00edbe\/SP \u2013 11776-698 \/Tel (13) 3458-1717 e 3456-3206 \/ email: cepecolonia@uol.com.br, a disposi\u00e7\u00e3o dos \u00d3rg\u00e3os competentes para verifica\u00e7\u00e3o e quaisquer outros procedimentos que se fizerem necess\u00e1rios.<\/p>\n","protected":false},"excerpt":{"rendered":"<p>CENTRO ECUM\u00caNICO DE PUBLICA\u00c7\u00d5ES E ESTUDOS FREI TITO DE ALENCAR LIMA Clique no item para realizar a consulta desejada: TERMO DE ADITAMENTO 02.ADT-AS08\/2026 PRESTA\u00c7\u00c3O DE CONTAS MENSAL \u2013 (Selecione o m\u00eas para realizar a consulta) Janeiro a Dezembro de 2026 JAN\/26 FEV\/26 MAR\/26 ABR\/26 MAI\/26 JUN\/26 JUL\/26 AGO\/26 SET\/26 OUT\/26 NOV\/26 DEZ\/26 TERMO DE COLABORA\u00c7\u00c3O [&hellip;]<\/p>\n","protected":false},"author":1,"featured_media":0,"parent":0,"menu_order":0,"comment_status":"closed","ping_status":"closed","template":"","meta":{"footnotes":""},"class_list":["post-300","page","type-page","status-publish","hentry"],"_links":{"self":[{"href":"https:\/\/cepefreititoal.org.br\/index.php\/wp-json\/wp\/v2\/pages\/300","targetHints":{"allow":["GET"]}}],"collection":[{"href":"https:\/\/cepefreititoal.org.br\/index.php\/wp-json\/wp\/v2\/pages"}],"about":[{"href":"https:\/\/cepefreititoal.org.br\/index.php\/wp-json\/wp\/v2\/types\/page"}],"author":[{"embeddable":true,"href":"https:\/\/cepefreititoal.org.br\/index.php\/wp-json\/wp\/v2\/users\/1"}],"replies":[{"embeddable":true,"href":"https:\/\/cepefreititoal.org.br\/index.php\/wp-json\/wp\/v2\/comments?post=300"}],"version-history":[{"count":27,"href":"https:\/\/cepefreititoal.org.br\/index.php\/wp-json\/wp\/v2\/pages\/300\/revisions"}],"predecessor-version":[{"id":375,"href":"https:\/\/cepefreititoal.org.br\/index.php\/wp-json\/wp\/v2\/pages\/300\/revisions\/375"}],"wp:attachment":[{"href":"https:\/\/cepefreititoal.org.br\/index.php\/wp-json\/wp\/v2\/media?parent=300"}],"curies":[{"name":"wp","href":"https:\/\/api.w.org\/{rel}","templated":true}]}}